{"id":64,"date":"2018-02-23T11:03:57","date_gmt":"2018-02-23T11:03:57","guid":{"rendered":"http:\/\/rimfrostteater.no\/?page_id=64"},"modified":"2025-10-02T11:58:39","modified_gmt":"2025-10-02T11:58:39","slug":"rimfrost","status":"publish","type":"page","link":"https:\/\/rimfrostproduksjoner.no\/no\/rimfrost\/","title":{"rendered":"Rimfrost"},"content":{"rendered":"<p class=\"p1\"><span class=\"s1\">H\u00e5logaland Teater<\/span><\/p>\r\n\r\n<p>&nbsp;<\/p>\r\n","protected":false},"excerpt":{"rendered":"<p>H\u00e5logaland Teater &nbsp;<\/p>\n","protected":false},"author":1,"featured_media":0,"parent":0,"menu_order":0,"comment_status":"closed","ping_status":"closed","template":"page-about.php","meta":{"_acf_changed":false,"footnotes":""},"class_list":["post-64","page","type-page","status-publish","hentry"],"acf":[],"yoast_head":"<!-- This site is optimized with the Yoast SEO plugin v27.4 - https:\/\/yoast.com\/product\/yoast-seo-wordpress\/ -->\n<title>Rimfrost | Rimfrost Produksjoner<\/title>\n<meta name=\"description\" content=\"Rimfrost produksjoner skaper teater med utgangspunkt i tema som b\u00f8r l\u00f8ftes frem og historier vi mener b\u00f8r fortelles. Rimfrost st\u00e5r bak produksjoner som heddaprisvinner \u00abTobias og dagen det smalt\u00bb, \u00abMonster i Magen\u00bb og \u00abUtvik Senior\u00bb.\" \/>\n<meta name=\"robots\" content=\"index, follow, max-snippet:-1, max-image-preview:large, max-video-preview:-1\" \/>\n<link rel=\"canonical\" href=\"https:\/\/rimfrostproduksjoner.no\/no\/rimfrost\/\" \/>\n<meta property=\"og:locale\" content=\"nb_NO\" \/>\n<meta property=\"og:type\" content=\"article\" \/>\n<meta property=\"og:title\" content=\"Rimfrost | Rimfrost Produksjoner\" \/>\n<meta property=\"og:description\" content=\"Rimfrost produksjoner skaper teater med utgangspunkt i tema som b\u00f8r l\u00f8ftes frem og historier vi mener b\u00f8r fortelles. Rimfrost st\u00e5r bak produksjoner som heddaprisvinner \u00abTobias og dagen det smalt\u00bb, \u00abMonster i Magen\u00bb og \u00abUtvik Senior\u00bb.\" \/>\n<meta property=\"og:url\" content=\"https:\/\/rimfrostproduksjoner.no\/no\/rimfrost\/\" \/>\n<meta property=\"og:site_name\" content=\"Rimfrost Produksjoner\" \/>\n<meta property=\"article:modified_time\" content=\"2025-10-02T11:58:39+00:00\" \/>\n<meta property=\"og:image\" content=\"http:\/\/rimfrostproduksjoner.no\/wp-content\/uploads\/2021\/03\/UtvikSenior_Foto_Marius_Fiskum-1-scaled.jpg\" \/>\n\t<meta property=\"og:image:width\" content=\"2560\" \/>\n\t<meta property=\"og:image:height\" content=\"1707\" \/>\n\t<meta property=\"og:image:type\" content=\"image\/jpeg\" \/>\n<meta name=\"twitter:card\" content=\"summary_large_image\" \/>\n<meta name=\"twitter:label1\" content=\"Ansl. lesetid\" \/>\n\t<meta name=\"twitter:data1\" content=\"1 minutt\" \/>\n<script type=\"application\/ld+json\" class=\"yoast-schema-graph\">{\"@context\":\"https:\\\/\\\/schema.org\",\"@graph\":[{\"@type\":\"WebPage\",\"@id\":\"https:\\\/\\\/rimfrostproduksjoner.no\\\/no\\\/rimfrost\\\/\",\"url\":\"https:\\\/\\\/rimfrostproduksjoner.no\\\/no\\\/rimfrost\\\/\",\"name\":\"Rimfrost | Rimfrost Produksjoner\",\"isPartOf\":{\"@id\":\"https:\\\/\\\/rimfrostproduksjoner.no\\\/no\\\/#website\"},\"datePublished\":\"2018-02-23T11:03:57+00:00\",\"dateModified\":\"2025-10-02T11:58:39+00:00\",\"description\":\"Rimfrost produksjoner skaper teater med utgangspunkt i tema som b\u00f8r l\u00f8ftes frem og historier vi mener b\u00f8r fortelles. Rimfrost st\u00e5r bak produksjoner som heddaprisvinner \u00abTobias og dagen det smalt\u00bb, \u00abMonster i Magen\u00bb og \u00abUtvik Senior\u00bb.\",\"breadcrumb\":{\"@id\":\"https:\\\/\\\/rimfrostproduksjoner.no\\\/no\\\/rimfrost\\\/#breadcrumb\"},\"inLanguage\":\"nb-NO\",\"potentialAction\":[{\"@type\":\"ReadAction\",\"target\":[\"https:\\\/\\\/rimfrostproduksjoner.no\\\/no\\\/rimfrost\\\/\"]}]},{\"@type\":\"BreadcrumbList\",\"@id\":\"https:\\\/\\\/rimfrostproduksjoner.no\\\/no\\\/rimfrost\\\/#breadcrumb\",\"itemListElement\":[{\"@type\":\"ListItem\",\"position\":1,\"name\":\"Hjem\",\"item\":\"https:\\\/\\\/rimfrostproduksjoner.no\\\/no\\\/\"},{\"@type\":\"ListItem\",\"position\":2,\"name\":\"Rimfrost\"}]},{\"@type\":\"WebSite\",\"@id\":\"https:\\\/\\\/rimfrostproduksjoner.no\\\/no\\\/#website\",\"url\":\"https:\\\/\\\/rimfrostproduksjoner.no\\\/no\\\/\",\"name\":\"Rimfrost Produksjoner\",\"description\":\"\",\"publisher\":{\"@id\":\"https:\\\/\\\/rimfrostproduksjoner.no\\\/no\\\/#organization\"},\"potentialAction\":[{\"@type\":\"SearchAction\",\"target\":{\"@type\":\"EntryPoint\",\"urlTemplate\":\"https:\\\/\\\/rimfrostproduksjoner.no\\\/no\\\/?s={search_term_string}\"},\"query-input\":{\"@type\":\"PropertyValueSpecification\",\"valueRequired\":true,\"valueName\":\"search_term_string\"}}],\"inLanguage\":\"nb-NO\"},{\"@type\":\"Organization\",\"@id\":\"https:\\\/\\\/rimfrostproduksjoner.no\\\/no\\\/#organization\",\"name\":\"Rimfrost Produksjoner\",\"url\":\"https:\\\/\\\/rimfrostproduksjoner.no\\\/no\\\/\",\"logo\":{\"@type\":\"ImageObject\",\"inLanguage\":\"nb-NO\",\"@id\":\"https:\\\/\\\/rimfrostproduksjoner.no\\\/no\\\/#\\\/schema\\\/logo\\\/image\\\/\",\"url\":\"https:\\\/\\\/rimfrostproduksjoner.no\\\/wp-content\\\/uploads\\\/2018\\\/02\\\/web-logo-inverted.jpg\",\"contentUrl\":\"https:\\\/\\\/rimfrostproduksjoner.no\\\/wp-content\\\/uploads\\\/2018\\\/02\\\/web-logo-inverted.jpg\",\"width\":1200,\"height\":630,\"caption\":\"Rimfrost Produksjoner\"},\"image\":{\"@id\":\"https:\\\/\\\/rimfrostproduksjoner.no\\\/no\\\/#\\\/schema\\\/logo\\\/image\\\/\"}}]}<\/script>\n<!-- \/ Yoast SEO plugin. -->","yoast_head_json":{"title":"Rimfrost | Rimfrost Produksjoner","description":"Rimfrost produksjoner skaper teater med utgangspunkt i tema som b\u00f8r l\u00f8ftes frem og historier vi mener b\u00f8r fortelles. Rimfrost st\u00e5r bak produksjoner som heddaprisvinner \u00abTobias og dagen det smalt\u00bb, \u00abMonster i Magen\u00bb og \u00abUtvik Senior\u00bb.","robots":{"index":"index","follow":"follow","max-snippet":"max-snippet:-1","max-image-preview":"max-image-preview:large","max-video-preview":"max-video-preview:-1"},"canonical":"https:\/\/rimfrostproduksjoner.no\/no\/rimfrost\/","og_locale":"nb_NO","og_type":"article","og_title":"Rimfrost | Rimfrost Produksjoner","og_description":"Rimfrost produksjoner skaper teater med utgangspunkt i tema som b\u00f8r l\u00f8ftes frem og historier vi mener b\u00f8r fortelles. Rimfrost st\u00e5r bak produksjoner som heddaprisvinner \u00abTobias og dagen det smalt\u00bb, \u00abMonster i Magen\u00bb og \u00abUtvik Senior\u00bb.","og_url":"https:\/\/rimfrostproduksjoner.no\/no\/rimfrost\/","og_site_name":"Rimfrost Produksjoner","article_modified_time":"2025-10-02T11:58:39+00:00","og_image":[{"width":2560,"height":1707,"url":"http:\/\/rimfrostproduksjoner.no\/wp-content\/uploads\/2021\/03\/UtvikSenior_Foto_Marius_Fiskum-1-scaled.jpg","type":"image\/jpeg"}],"twitter_card":"summary_large_image","twitter_misc":{"Ansl. lesetid":"1 minutt"},"schema":{"@context":"https:\/\/schema.org","@graph":[{"@type":"WebPage","@id":"https:\/\/rimfrostproduksjoner.no\/no\/rimfrost\/","url":"https:\/\/rimfrostproduksjoner.no\/no\/rimfrost\/","name":"Rimfrost | Rimfrost Produksjoner","isPartOf":{"@id":"https:\/\/rimfrostproduksjoner.no\/no\/#website"},"datePublished":"2018-02-23T11:03:57+00:00","dateModified":"2025-10-02T11:58:39+00:00","description":"Rimfrost produksjoner skaper teater med utgangspunkt i tema som b\u00f8r l\u00f8ftes frem og historier vi mener b\u00f8r fortelles. Rimfrost st\u00e5r bak produksjoner som heddaprisvinner \u00abTobias og dagen det smalt\u00bb, \u00abMonster i Magen\u00bb og \u00abUtvik Senior\u00bb.","breadcrumb":{"@id":"https:\/\/rimfrostproduksjoner.no\/no\/rimfrost\/#breadcrumb"},"inLanguage":"nb-NO","potentialAction":[{"@type":"ReadAction","target":["https:\/\/rimfrostproduksjoner.no\/no\/rimfrost\/"]}]},{"@type":"BreadcrumbList","@id":"https:\/\/rimfrostproduksjoner.no\/no\/rimfrost\/#breadcrumb","itemListElement":[{"@type":"ListItem","position":1,"name":"Hjem","item":"https:\/\/rimfrostproduksjoner.no\/no\/"},{"@type":"ListItem","position":2,"name":"Rimfrost"}]},{"@type":"WebSite","@id":"https:\/\/rimfrostproduksjoner.no\/no\/#website","url":"https:\/\/rimfrostproduksjoner.no\/no\/","name":"Rimfrost Produksjoner","description":"","publisher":{"@id":"https:\/\/rimfrostproduksjoner.no\/no\/#organization"},"potentialAction":[{"@type":"SearchAction","target":{"@type":"EntryPoint","urlTemplate":"https:\/\/rimfrostproduksjoner.no\/no\/?s={search_term_string}"},"query-input":{"@type":"PropertyValueSpecification","valueRequired":true,"valueName":"search_term_string"}}],"inLanguage":"nb-NO"},{"@type":"Organization","@id":"https:\/\/rimfrostproduksjoner.no\/no\/#organization","name":"Rimfrost Produksjoner","url":"https:\/\/rimfrostproduksjoner.no\/no\/","logo":{"@type":"ImageObject","inLanguage":"nb-NO","@id":"https:\/\/rimfrostproduksjoner.no\/no\/#\/schema\/logo\/image\/","url":"https:\/\/rimfrostproduksjoner.no\/wp-content\/uploads\/2018\/02\/web-logo-inverted.jpg","contentUrl":"https:\/\/rimfrostproduksjoner.no\/wp-content\/uploads\/2018\/02\/web-logo-inverted.jpg","width":1200,"height":630,"caption":"Rimfrost Produksjoner"},"image":{"@id":"https:\/\/rimfrostproduksjoner.no\/no\/#\/schema\/logo\/image\/"}}]}},"_links":{"self":[{"href":"https:\/\/rimfrostproduksjoner.no\/no\/wp-json\/wp\/v2\/pages\/64","targetHints":{"allow":["GET"]}}],"collection":[{"href":"https:\/\/rimfrostproduksjoner.no\/no\/wp-json\/wp\/v2\/pages"}],"about":[{"href":"https:\/\/rimfrostproduksjoner.no\/no\/wp-json\/wp\/v2\/types\/page"}],"author":[{"embeddable":true,"href":"https:\/\/rimfrostproduksjoner.no\/no\/wp-json\/wp\/v2\/users\/1"}],"replies":[{"embeddable":true,"href":"https:\/\/rimfrostproduksjoner.no\/no\/wp-json\/wp\/v2\/comments?post=64"}],"version-history":[{"count":92,"href":"https:\/\/rimfrostproduksjoner.no\/no\/wp-json\/wp\/v2\/pages\/64\/revisions"}],"predecessor-version":[{"id":1299,"href":"https:\/\/rimfrostproduksjoner.no\/no\/wp-json\/wp\/v2\/pages\/64\/revisions\/1299"}],"wp:attachment":[{"href":"https:\/\/rimfrostproduksjoner.no\/no\/wp-json\/wp\/v2\/media?parent=64"}],"curies":[{"name":"wp","href":"https:\/\/api.w.org\/{rel}","templated":true}]}}